{"id":455,"date":"2016-01-15T20:44:35","date_gmt":"2016-01-15T20:44:35","guid":{"rendered":"http:\/\/allgemeinaerzte-schwarzenbruck.de\/wp\/?page_id=455"},"modified":"2016-01-16T12:36:11","modified_gmt":"2016-01-16T12:36:11","slug":"vitamin-c-hochdosis-infusionstherapie","status":"publish","type":"page","link":"https:\/\/allgemeinaerzte-schwarzenbruck.de\/wp\/vitamin-c-hochdosis-infusionstherapie\/","title":{"rendered":"Vitamin C Hochdosis-Infusionstherapie"},"content":{"rendered":"<p>Im Gegensatz zu Tieren ist der menschliche K\u00f6rper nicht in der Lage das lebenswichtige Vitamin C selbst zu produzieren. Es muss \u00fcber die Nahrung aufgenommen werden. Vitamin C ist zwar in vielen Nahrungsmitteln enthalten. Aufgrund von langer Lagerung und langen Transportwegen, falscher Lagerung und falscher Zubereitung verlieren sehr viele Lebensmittel allerdings gro\u00dfe Anteile ihres Vitamin-C-Gehalts.<\/p>\n<p>Nat\u00fcrlich ist es m\u00f6glich ausreichend Vitamin C \u00fcber die Nahrung zuzuf\u00fchren. Allerdings gelingt dies jedem dritten Deutschen im Alltag nicht. Zus\u00e4tzlich gibt es Situationen, in denen der K\u00f6rper einen wesentlich h\u00f6heren Bedarf hat, der dann \u00fcber die Nahrung nicht mehr gedeckt werden kann. Hierzu z\u00e4hlen Entz\u00fcndungen, Stress, akute und chronische Infektionserkrankungen, Allergien, Osteoporose, Gef\u00e4\u00dferkrankungen, chronisch entz\u00fcndliche Erkrankungen und Resorptionsst\u00f6rungen. Auch durchgemachte Operationen und Rauchen erh\u00f6hen den Bedarf an Vitamin C.<\/p>\n<p>Vitamin C ist viel mehr als ein Mitspieler des Immunsystems. Auch das Gehirn, die Augen, das Herz, die Nieren, die Leber, die Knochen, die Blutgef\u00e4\u00dfe und die Muskeln ben\u00f6tigen dieses wertvolle Vitamin f\u00fcr ihre T\u00e4tigkeit.<\/p>\n<p>Vitamin C hat unter anderem prophylaktische, anti-entz\u00fcndliche, cholesterinsenkende und antioxidative Effekte.<\/p>\n<p>Die Wirksamkeit einer Vitamin C- Hochdosis-Infusionstherapie ist mittlerweile wissenschaftlich belegt und anerkannt.<\/p>\n<p>Weiterf\u00fchrende Informationen finden Sie <span style=\"color: #ff6600;\"><span style=\"color: #7c344a;\"><a href=\"http:\/\/www.naturheilkunde.de\/vitamin-c-infusionstherapie.html\" target=\"_blank\"><span style=\"color: #ff0000;\">hier<\/span><\/a><\/span>.<\/span><\/p>\n","protected":false},"excerpt":{"rendered":"<p>Im Gegensatz zu Tieren ist der menschliche K\u00f6rper nicht in der Lage das lebenswichtige Vitamin C selbst zu produzieren. Es muss \u00fcber die Nahrung aufgenommen werden. Vitamin C ist zwar in vielen Nahrungsmitteln enthalten. Aufgrund von langer Lagerung und langen Transportwegen, falscher Lagerung und falscher Zubereitung verlieren sehr viele Lebensmittel allerdings gro\u00dfe Anteile ihres Vitamin-C-Gehalts. &hellip; <a href=\"https:\/\/allgemeinaerzte-schwarzenbruck.de\/wp\/vitamin-c-hochdosis-infusionstherapie\/\" class=\"more-link\"><span class=\"screen-reader-text\">Vitamin C Hochdosis-Infusionstherapie<\/span> weiterlesen<\/a><\/p>\n","protected":false},"author":4,"featured_media":0,"parent":0,"menu_order":0,"comment_status":"closed","ping_status":"closed","template":"","meta":[],"yoast_head":"<!-- This site is optimized with the Yoast SEO plugin v15.2.1 - https:\/\/yoast.com\/wordpress\/plugins\/seo\/ -->\n<title>Vitamin C Hochdosis-Infusionstherapie &raquo; Allgemein\u00e4rztliche &amp; Internistische Gemeinschaftspraxis Schwarzenbruck<\/title>\n<meta name=\"description\" content=\"In unserer Praxis erhalten Sie die wertvolle, wissenschaftlich belegte Vitamin-C-Hochdosisinfusionstherapie\" \/>\n<meta name=\"robots\" content=\"index, follow, max-snippet:-1, max-image-preview:large, max-video-preview:-1\" \/>\n<link rel=\"canonical\" href=\"https:\/\/allgemeinaerzte-schwarzenbruck.de\/wp\/vitamin-c-hochdosis-infusionstherapie\/\" \/>\n<meta property=\"og:locale\" content=\"de_DE\" \/>\n<meta property=\"og:type\" content=\"article\" \/>\n<meta property=\"og:title\" content=\"Vitamin C Hochdosis-Infusionstherapie &raquo; Allgemein\u00e4rztliche &amp; Internistische Gemeinschaftspraxis Schwarzenbruck\" \/>\n<meta property=\"og:description\" content=\"In unserer Praxis erhalten Sie die wertvolle, wissenschaftlich belegte Vitamin-C-Hochdosisinfusionstherapie\" \/>\n<meta property=\"og:url\" content=\"https:\/\/allgemeinaerzte-schwarzenbruck.de\/wp\/vitamin-c-hochdosis-infusionstherapie\/\" \/>\n<meta property=\"og:site_name\" content=\"Allgemein\u00e4rztliche &amp; Internistische Gemeinschaftspraxis Schwarzenbruck\" \/>\n<meta property=\"article:modified_time\" content=\"2016-01-16T12:36:11+00:00\" \/>\n<meta name=\"twitter:label1\" content=\"Written by\">\n\t<meta name=\"twitter:data1\" content=\"Tobias M\u00fcnster\">\n\t<meta name=\"twitter:label2\" content=\"Est. reading time\">\n\t<meta name=\"twitter:data2\" content=\"1 Minute\">\n<script type=\"application\/ld+json\" class=\"yoast-schema-graph\">{\"@context\":\"https:\/\/schema.org\",\"@graph\":[{\"@type\":\"WebSite\",\"@id\":\"http:\/\/allgemeinaerzte-schwarzenbruck.de\/wp\/#website\",\"url\":\"http:\/\/allgemeinaerzte-schwarzenbruck.de\/wp\/\",\"name\":\"Allgemein\\u00e4rztliche &amp; Internistische Gemeinschaftspraxis Schwarzenbruck\",\"description\":\"Dr. Prause &amp; Wiesnet &amp; Dr. Kretzschmar &amp; Bujnoch\",\"potentialAction\":[{\"@type\":\"SearchAction\",\"target\":\"http:\/\/allgemeinaerzte-schwarzenbruck.de\/wp\/?s={search_term_string}\",\"query-input\":\"required name=search_term_string\"}],\"inLanguage\":\"de-DE\"},{\"@type\":\"WebPage\",\"@id\":\"https:\/\/allgemeinaerzte-schwarzenbruck.de\/wp\/vitamin-c-hochdosis-infusionstherapie\/#webpage\",\"url\":\"https:\/\/allgemeinaerzte-schwarzenbruck.de\/wp\/vitamin-c-hochdosis-infusionstherapie\/\",\"name\":\"Vitamin C Hochdosis-Infusionstherapie &raquo; Allgemein\\u00e4rztliche &amp; Internistische Gemeinschaftspraxis Schwarzenbruck\",\"isPartOf\":{\"@id\":\"http:\/\/allgemeinaerzte-schwarzenbruck.de\/wp\/#website\"},\"datePublished\":\"2016-01-15T20:44:35+00:00\",\"dateModified\":\"2016-01-16T12:36:11+00:00\",\"description\":\"In unserer Praxis erhalten Sie die wertvolle, wissenschaftlich belegte Vitamin-C-Hochdosisinfusionstherapie\",\"inLanguage\":\"de-DE\",\"potentialAction\":[{\"@type\":\"ReadAction\",\"target\":[\"https:\/\/allgemeinaerzte-schwarzenbruck.de\/wp\/vitamin-c-hochdosis-infusionstherapie\/\"]}]}]}<\/script>\n<!-- \/ Yoast SEO plugin. -->","_links":{"self":[{"href":"https:\/\/allgemeinaerzte-schwarzenbruck.de\/wp\/wp-json\/wp\/v2\/pages\/455"}],"collection":[{"href":"https:\/\/allgemeinaerzte-schwarzenbruck.de\/wp\/wp-json\/wp\/v2\/pages"}],"about":[{"href":"https:\/\/allgemeinaerzte-schwarzenbruck.de\/wp\/wp-json\/wp\/v2\/types\/page"}],"author":[{"embeddable":true,"href":"https:\/\/allgemeinaerzte-schwarzenbruck.de\/wp\/wp-json\/wp\/v2\/users\/4"}],"replies":[{"embeddable":true,"href":"https:\/\/allgemeinaerzte-schwarzenbruck.de\/wp\/wp-json\/wp\/v2\/comments?post=455"}],"version-history":[{"count":13,"href":"https:\/\/allgemeinaerzte-schwarzenbruck.de\/wp\/wp-json\/wp\/v2\/pages\/455\/revisions"}],"predecessor-version":[{"id":470,"href":"https:\/\/allgemeinaerzte-schwarzenbruck.de\/wp\/wp-json\/wp\/v2\/pages\/455\/revisions\/470"}],"wp:attachment":[{"href":"https:\/\/allgemeinaerzte-schwarzenbruck.de\/wp\/wp-json\/wp\/v2\/media?parent=455"}],"curies":[{"name":"wp","href":"https:\/\/api.w.org\/{rel}","templated":true}]}}