{"id":237,"date":"2015-06-05T17:27:55","date_gmt":"2015-06-05T17:27:55","guid":{"rendered":"http:\/\/allgemeinaerzte-schwarzenbruck.de\/wp\/?page_id=237"},"modified":"2015-06-12T00:00:56","modified_gmt":"2015-06-12T00:00:56","slug":"sauerstofftherapie","status":"publish","type":"page","link":"https:\/\/allgemeinaerzte-schwarzenbruck.de\/wp\/sauerstofftherapie\/","title":{"rendered":"Sauerstofftherapie"},"content":{"rendered":"<p>Die k\u00f6rpereigene F\u00e4higkeit, den Sauerstoff der Atemluft zur Energiegewinnung zu nutzen, nimmt mit zunehmendem Alter, bei Stress und bei Krankheiten ab. Hier schafft eine spezielle Sauerstofftherapie den notwendigen Ausgleich. Sie sorgt daf\u00fcr, dass der Sauerstoff der Atemluft f\u00fcr den Organismus besser nutzbar wird. Stoffwechselprozesse werden optimiert und harmonisiert, Regenerationsprozesse in Gang gesetzt und die Durchblutung verbessert. Die Sauerstofftherapie kann ein wertvoller Baustein in der Behandlung einer Depression und eines Burn-out-Syndroms sein. Aber auch bei anhaltender M\u00fcdigkeit, Leistungsschw\u00e4che und Konzentrationsst\u00f6rungen sowie in der Regenerationsphase nach akuten Erkrankungen oder Operation wird die Sauerstoffbehandlung mit Erfolg eingesetzt.<\/p>\n","protected":false},"excerpt":{"rendered":"<p>Die k\u00f6rpereigene F\u00e4higkeit, den Sauerstoff der Atemluft zur Energiegewinnung zu nutzen, nimmt mit zunehmendem Alter, bei Stress und bei Krankheiten ab. Hier schafft eine spezielle Sauerstofftherapie den notwendigen Ausgleich. Sie sorgt daf\u00fcr, dass der Sauerstoff der Atemluft f\u00fcr den Organismus besser nutzbar wird. Stoffwechselprozesse werden optimiert und harmonisiert, Regenerationsprozesse in Gang gesetzt und die Durchblutung &hellip; <a href=\"https:\/\/allgemeinaerzte-schwarzenbruck.de\/wp\/sauerstofftherapie\/\" class=\"more-link\"><span class=\"screen-reader-text\">Sauerstofftherapie<\/span> weiterlesen<\/a><\/p>\n","protected":false},"author":4,"featured_media":238,"parent":0,"menu_order":0,"comment_status":"closed","ping_status":"open","template":"","meta":[],"yoast_head":"<!-- This site is optimized with the Yoast SEO plugin v15.2.1 - https:\/\/yoast.com\/wordpress\/plugins\/seo\/ -->\n<title>Sauerstofftherapie &raquo; Allgemein\u00e4rztliche &amp; Internistische Gemeinschaftspraxis Schwarzenbruck<\/title>\n<meta name=\"robots\" content=\"index, follow, max-snippet:-1, max-image-preview:large, max-video-preview:-1\" \/>\n<link rel=\"canonical\" href=\"https:\/\/allgemeinaerzte-schwarzenbruck.de\/wp\/sauerstofftherapie\/\" \/>\n<meta property=\"og:locale\" content=\"de_DE\" \/>\n<meta property=\"og:type\" content=\"article\" \/>\n<meta property=\"og:title\" content=\"Sauerstofftherapie &raquo; Allgemein\u00e4rztliche &amp; Internistische Gemeinschaftspraxis Schwarzenbruck\" \/>\n<meta property=\"og:description\" content=\"Die k\u00f6rpereigene F\u00e4higkeit, den Sauerstoff der Atemluft zur Energiegewinnung zu nutzen, nimmt mit zunehmendem Alter, bei Stress und bei Krankheiten ab. Hier schafft eine spezielle Sauerstofftherapie den notwendigen Ausgleich. Sie sorgt daf\u00fcr, dass der Sauerstoff der Atemluft f\u00fcr den Organismus besser nutzbar wird. Stoffwechselprozesse werden optimiert und harmonisiert, Regenerationsprozesse in Gang gesetzt und die Durchblutung &hellip; Sauerstofftherapie weiterlesen\" \/>\n<meta property=\"og:url\" content=\"https:\/\/allgemeinaerzte-schwarzenbruck.de\/wp\/sauerstofftherapie\/\" \/>\n<meta property=\"og:site_name\" content=\"Allgemein\u00e4rztliche &amp; Internistische Gemeinschaftspraxis Schwarzenbruck\" \/>\n<meta property=\"article:modified_time\" content=\"2015-06-12T00:00:56+00:00\" \/>\n<meta property=\"og:image\" content=\"https:\/\/allgemeinaerzte-schwarzenbruck.de\/wp\/wp-content\/uploads\/2015\/06\/Bild-0405.jpg\" \/>\n\t<meta property=\"og:image:width\" content=\"1920\" \/>\n\t<meta property=\"og:image:height\" content=\"1281\" \/>\n<meta name=\"twitter:label1\" content=\"Written by\">\n\t<meta name=\"twitter:data1\" content=\"Tobias M\u00fcnster\">\n\t<meta name=\"twitter:label2\" content=\"Est. reading time\">\n\t<meta name=\"twitter:data2\" content=\"0 Minuten\">\n<script type=\"application\/ld+json\" class=\"yoast-schema-graph\">{\"@context\":\"https:\/\/schema.org\",\"@graph\":[{\"@type\":\"WebSite\",\"@id\":\"http:\/\/allgemeinaerzte-schwarzenbruck.de\/wp\/#website\",\"url\":\"http:\/\/allgemeinaerzte-schwarzenbruck.de\/wp\/\",\"name\":\"Allgemein\\u00e4rztliche &amp; Internistische Gemeinschaftspraxis Schwarzenbruck\",\"description\":\"Dr. Prause &amp; Wiesnet &amp; Dr. Kretzschmar &amp; Bujnoch\",\"potentialAction\":[{\"@type\":\"SearchAction\",\"target\":\"http:\/\/allgemeinaerzte-schwarzenbruck.de\/wp\/?s={search_term_string}\",\"query-input\":\"required name=search_term_string\"}],\"inLanguage\":\"de-DE\"},{\"@type\":\"ImageObject\",\"@id\":\"https:\/\/allgemeinaerzte-schwarzenbruck.de\/wp\/sauerstofftherapie\/#primaryimage\",\"inLanguage\":\"de-DE\",\"url\":\"https:\/\/allgemeinaerzte-schwarzenbruck.de\/wp\/wp-content\/uploads\/2015\/06\/Bild-0405.jpg\",\"width\":1920,\"height\":1281},{\"@type\":\"WebPage\",\"@id\":\"https:\/\/allgemeinaerzte-schwarzenbruck.de\/wp\/sauerstofftherapie\/#webpage\",\"url\":\"https:\/\/allgemeinaerzte-schwarzenbruck.de\/wp\/sauerstofftherapie\/\",\"name\":\"Sauerstofftherapie &raquo; Allgemein\\u00e4rztliche &amp; Internistische Gemeinschaftspraxis Schwarzenbruck\",\"isPartOf\":{\"@id\":\"http:\/\/allgemeinaerzte-schwarzenbruck.de\/wp\/#website\"},\"primaryImageOfPage\":{\"@id\":\"https:\/\/allgemeinaerzte-schwarzenbruck.de\/wp\/sauerstofftherapie\/#primaryimage\"},\"datePublished\":\"2015-06-05T17:27:55+00:00\",\"dateModified\":\"2015-06-12T00:00:56+00:00\",\"inLanguage\":\"de-DE\",\"potentialAction\":[{\"@type\":\"ReadAction\",\"target\":[\"https:\/\/allgemeinaerzte-schwarzenbruck.de\/wp\/sauerstofftherapie\/\"]}]}]}<\/script>\n<!-- \/ Yoast SEO plugin. -->","_links":{"self":[{"href":"https:\/\/allgemeinaerzte-schwarzenbruck.de\/wp\/wp-json\/wp\/v2\/pages\/237"}],"collection":[{"href":"https:\/\/allgemeinaerzte-schwarzenbruck.de\/wp\/wp-json\/wp\/v2\/pages"}],"about":[{"href":"https:\/\/allgemeinaerzte-schwarzenbruck.de\/wp\/wp-json\/wp\/v2\/types\/page"}],"author":[{"embeddable":true,"href":"https:\/\/allgemeinaerzte-schwarzenbruck.de\/wp\/wp-json\/wp\/v2\/users\/4"}],"replies":[{"embeddable":true,"href":"https:\/\/allgemeinaerzte-schwarzenbruck.de\/wp\/wp-json\/wp\/v2\/comments?post=237"}],"version-history":[{"count":1,"href":"https:\/\/allgemeinaerzte-schwarzenbruck.de\/wp\/wp-json\/wp\/v2\/pages\/237\/revisions"}],"predecessor-version":[{"id":239,"href":"https:\/\/allgemeinaerzte-schwarzenbruck.de\/wp\/wp-json\/wp\/v2\/pages\/237\/revisions\/239"}],"wp:featuredmedia":[{"embeddable":true,"href":"https:\/\/allgemeinaerzte-schwarzenbruck.de\/wp\/wp-json\/wp\/v2\/media\/238"}],"wp:attachment":[{"href":"https:\/\/allgemeinaerzte-schwarzenbruck.de\/wp\/wp-json\/wp\/v2\/media?parent=237"}],"curies":[{"name":"wp","href":"https:\/\/api.w.org\/{rel}","templated":true}]}}