{"id":178,"date":"2015-05-29T19:13:42","date_gmt":"2015-05-29T19:13:42","guid":{"rendered":"http:\/\/allgemeinaerzte-schwarzenbruck.de\/wp\/?page_id=178"},"modified":"2023-01-15T13:57:26","modified_gmt":"2023-01-15T13:57:26","slug":"vorsorgekalender","status":"publish","type":"page","link":"https:\/\/allgemeinaerzte-schwarzenbruck.de\/wp\/vorsorgekalender\/","title":{"rendered":"Vorsorgekalender"},"content":{"rendered":"<p>Die gesetzlichen Krankenversicherungen bieten Ihnen ein Vorsorgepaket, welches Sie je nach Alter kostenlos in Anspruch nehmen k\u00f6nnen. Alle gesetzlichen Vorsorgeuntersuchungen werden von unserem Praxisteam durchgef\u00fchrt.<\/p>\n<p>F\u00fcr die kleinsten unserer Patienten bieten wir die <a href=\"http:\/\/allgemeinaerzte-schwarzenbruck.de\/wp\/kindervorsorgeuntersuchungen\/\"><strong><span style=\"color: #ff0000;\">Kindervorsorgeuntersuchungen U4 &#8211; U11<\/span><\/strong> <\/a>sowie alle erforderlichen Schutzimpfungen an.<\/p>\n<p>Zwischen dem 12. und 14. Lebensjahr sowie im Alter von 16-17 Jahren empfehlen wir die&nbsp;<strong><a href=\"http:\/\/allgemeinaerzte-schwarzenbruck.de\/wp\/jugendvorsorgeuntersuchungen\/\"><span style=\"color: #ff0000;\">Jugendvorsorgeuntersuchungen J1 und J2<\/span><\/a>.<\/strong><\/p>\n<p>Vor dem Eintritt in das Berufsleben schreibt der Gesetzgeber bei Jugendlichen unter 18 Jahren die&nbsp;<strong>Jugendarbeitsschutzuntersuchung<\/strong> vor, die Sie bei uns durchf\u00fchren lassen k\u00f6nnen.<\/p>\n<p>Im Erwachsenenalter wird von den gesetzlichen Krankenversicherungen eine ganze Reihe an Vorsorgeuntersuchungen angeboten, die Sie unbedingt in Anspruch nehmen sollten. Sie bekommen von Ihrem Versicherer ein kostenloses Angebot, welches helfen kann die Entstehung von Krankheiten zu verhindern oder sie in fr\u00fchen Stadien zu erkennen, um fr\u00fchzeitig eine entsprechende Therapie einleiten zu k\u00f6nnen. Wir k\u00f6nnen Ihnen folgende <strong>Vorsorgeuntersuchungen im Erwachsenenalter<\/strong><u><\/u> anbieten:<\/p>\n<ul>\n<li>Zwischen 18 und 35 Jahren besteht ein einmaliger Anspruch auf einen Gesundheitscheck<\/li>\n<li>Ab dem 35. Lebensjahr: Gesundheitsuntersuchung (CheckUp) alle 3 Jahre\n<ul>\n<li>Fr\u00fcherkennung von Herz-, Kreislauf- und Nierenerkrankungen sowie Diabetes<\/li>\n<li>Die von den Kassen \u00fcbernommenen Untersuchungen k\u00f6nnen durch Zusatz\u00adleistungen nach Ihren Bed\u00fcrfnissen erg\u00e4nzt werden<\/li>\n<\/ul>\n<\/li>\n<li>Ab dem 35. Lebensjahr: Hautkrebsscreening alle 2 Jahre<\/li>\n<li>Ab dem 45. Lebensjahr: Krebsfr\u00fcherkennung bei M\u00e4nnern jedes Jahr\n<ul>\n<li>Fr\u00fcherkennung von Prostatakrebs<\/li>\n<\/ul>\n<\/li>\n<li>Ab dem 50. Lebensjahr: Fr\u00fcherkennung auf Darmkrebs\n<ul>\n<li>Einmalig m\u00f6glichst bald nach dem 50. Geburtstag Beratung zur Fr\u00fcherkennung auf Darmkrebs<\/li>\n<li>J\u00e4hrlich Test auf okkultes Blut im Stuhlgang<\/li>\n<li>M\u00e4nner k\u00f6nnen bereits ab dem 50. Geburtstag die erste Vorsorgedarmspiegelung durchf\u00fchren lassen<\/li>\n<\/ul>\n<\/li>\n<li>Ab dem 55. Lebensjahr: Fr\u00fcherkennung auf Darmkrebs\n<ul>\n<li>Erneut einmalige Beratung zur Fr\u00fcherkennung auf Darmkrebs<\/li>\n<li>Darmspiegelung, 2x im Abstand von 10 Jahren<\/li>\n<li>Alternativ alle 2 Jahre Test auf okkultes Blut im Stuhlgang<\/li>\n<\/ul>\n<\/li>\n<li>Ab dem 66. Lebensjahr: Screening Bauchaortenaneurysma f\u00fcr M\u00e4nner\n<ul>\n<li>einmalige Beratung und Ultraschalluntersuchung zur Identifizierung eines Bauchaortenaneurysmas<\/li>\n<\/ul>\n<\/li>\n<\/ul>\n<p>Wir als Ihre Haus\u00e4rzte legen Ihnen ans Herz, diese Angebote Ihrer Krankenversicherung regelm\u00e4\u00dfig in Anspruch zu nehmen. Gerne besprechen wir in diesem Rahmen auch immer Ihren aktuellen Impfstatus und schlie\u00dfen bei Bedarf entsprechende L\u00fccken.<\/p>\n","protected":false},"excerpt":{"rendered":"<p>Die gesetzlichen Krankenversicherungen bieten Ihnen ein Vorsorgepaket, welches Sie je nach Alter kostenlos in Anspruch nehmen k\u00f6nnen. Alle gesetzlichen Vorsorgeuntersuchungen werden von unserem Praxisteam durchgef\u00fchrt. F\u00fcr die kleinsten unserer Patienten bieten wir die Kindervorsorgeuntersuchungen U4 &#8211; U11 sowie alle erforderlichen Schutzimpfungen an. Zwischen dem 12. und 14. Lebensjahr sowie im Alter von 16-17 Jahren empfehlen &hellip; <a href=\"https:\/\/allgemeinaerzte-schwarzenbruck.de\/wp\/vorsorgekalender\/\" class=\"more-link\"><span class=\"screen-reader-text\">Vorsorgekalender<\/span> weiterlesen<\/a><\/p>\n","protected":false},"author":4,"featured_media":1047,"parent":0,"menu_order":0,"comment_status":"closed","ping_status":"closed","template":"","meta":[],"yoast_head":"<!-- This site is optimized with the Yoast SEO plugin v15.2.1 - https:\/\/yoast.com\/wordpress\/plugins\/seo\/ -->\n<title>Vorsorgekalender &raquo; Allgemein\u00e4rztliche &amp; Internistische Gemeinschaftspraxis Schwarzenbruck<\/title>\n<meta name=\"description\" content=\"Unser Praxisteam f\u00fchrt alle von den gesetzlichen Krankenkassen gebotenen Vorsorgeuntersuchungen durch. Informieren Sie sich \u00fcber unseren Vorsorgekalender!\" \/>\n<meta name=\"robots\" content=\"index, follow, max-snippet:-1, max-image-preview:large, max-video-preview:-1\" \/>\n<link rel=\"canonical\" href=\"http:\/\/allgemeinaerzte-schwarzenbruck.de\/wp\/vorsorgekalender\/\" \/>\n<meta property=\"og:locale\" content=\"de_DE\" \/>\n<meta property=\"og:type\" content=\"article\" \/>\n<meta property=\"og:title\" content=\"Vorsorgekalender &raquo; Allgemein\u00e4rztliche &amp; Internistische Gemeinschaftspraxis Schwarzenbruck\" \/>\n<meta property=\"og:description\" content=\"Unser Praxisteam f\u00fchrt alle von den gesetzlichen Krankenkassen gebotenen Vorsorgeuntersuchungen durch. Informieren Sie sich \u00fcber unseren Vorsorgekalender!\" \/>\n<meta property=\"og:url\" content=\"http:\/\/allgemeinaerzte-schwarzenbruck.de\/wp\/vorsorgekalender\/\" \/>\n<meta property=\"og:site_name\" content=\"Allgemein\u00e4rztliche &amp; Internistische Gemeinschaftspraxis Schwarzenbruck\" \/>\n<meta property=\"article:modified_time\" content=\"2023-01-15T13:57:26+00:00\" \/>\n<meta property=\"og:image\" content=\"https:\/\/allgemeinaerzte-schwarzenbruck.de\/wp\/wp-content\/uploads\/2023\/01\/Bild-0467.jpg\" \/>\n\t<meta property=\"og:image:width\" content=\"1920\" \/>\n\t<meta property=\"og:image:height\" content=\"1281\" \/>\n<meta name=\"twitter:label1\" content=\"Written by\">\n\t<meta name=\"twitter:data1\" content=\"Tobias M\u00fcnster\">\n\t<meta name=\"twitter:label2\" content=\"Est. reading time\">\n\t<meta name=\"twitter:data2\" content=\"1 Minute\">\n<script type=\"application\/ld+json\" class=\"yoast-schema-graph\">{\"@context\":\"https:\/\/schema.org\",\"@graph\":[{\"@type\":\"WebSite\",\"@id\":\"http:\/\/allgemeinaerzte-schwarzenbruck.de\/wp\/#website\",\"url\":\"http:\/\/allgemeinaerzte-schwarzenbruck.de\/wp\/\",\"name\":\"Allgemein\\u00e4rztliche &amp; Internistische Gemeinschaftspraxis Schwarzenbruck\",\"description\":\"Dr. Prause &amp; Wiesnet &amp; Dr. Kretzschmar &amp; Bujnoch\",\"potentialAction\":[{\"@type\":\"SearchAction\",\"target\":\"http:\/\/allgemeinaerzte-schwarzenbruck.de\/wp\/?s={search_term_string}\",\"query-input\":\"required name=search_term_string\"}],\"inLanguage\":\"de-DE\"},{\"@type\":\"ImageObject\",\"@id\":\"http:\/\/allgemeinaerzte-schwarzenbruck.de\/wp\/vorsorgekalender\/#primaryimage\",\"inLanguage\":\"de-DE\",\"url\":\"https:\/\/allgemeinaerzte-schwarzenbruck.de\/wp\/wp-content\/uploads\/2023\/01\/Bild-0467.jpg\",\"width\":1920,\"height\":1281},{\"@type\":\"WebPage\",\"@id\":\"http:\/\/allgemeinaerzte-schwarzenbruck.de\/wp\/vorsorgekalender\/#webpage\",\"url\":\"http:\/\/allgemeinaerzte-schwarzenbruck.de\/wp\/vorsorgekalender\/\",\"name\":\"Vorsorgekalender &raquo; Allgemein\\u00e4rztliche &amp; Internistische Gemeinschaftspraxis Schwarzenbruck\",\"isPartOf\":{\"@id\":\"http:\/\/allgemeinaerzte-schwarzenbruck.de\/wp\/#website\"},\"primaryImageOfPage\":{\"@id\":\"http:\/\/allgemeinaerzte-schwarzenbruck.de\/wp\/vorsorgekalender\/#primaryimage\"},\"datePublished\":\"2015-05-29T19:13:42+00:00\",\"dateModified\":\"2023-01-15T13:57:26+00:00\",\"description\":\"Unser Praxisteam f\\u00fchrt alle von den gesetzlichen Krankenkassen gebotenen Vorsorgeuntersuchungen durch. Informieren Sie sich \\u00fcber unseren Vorsorgekalender!\",\"inLanguage\":\"de-DE\",\"potentialAction\":[{\"@type\":\"ReadAction\",\"target\":[\"http:\/\/allgemeinaerzte-schwarzenbruck.de\/wp\/vorsorgekalender\/\"]}]}]}<\/script>\n<!-- \/ Yoast SEO plugin. -->","_links":{"self":[{"href":"https:\/\/allgemeinaerzte-schwarzenbruck.de\/wp\/wp-json\/wp\/v2\/pages\/178"}],"collection":[{"href":"https:\/\/allgemeinaerzte-schwarzenbruck.de\/wp\/wp-json\/wp\/v2\/pages"}],"about":[{"href":"https:\/\/allgemeinaerzte-schwarzenbruck.de\/wp\/wp-json\/wp\/v2\/types\/page"}],"author":[{"embeddable":true,"href":"https:\/\/allgemeinaerzte-schwarzenbruck.de\/wp\/wp-json\/wp\/v2\/users\/4"}],"replies":[{"embeddable":true,"href":"https:\/\/allgemeinaerzte-schwarzenbruck.de\/wp\/wp-json\/wp\/v2\/comments?post=178"}],"version-history":[{"count":9,"href":"https:\/\/allgemeinaerzte-schwarzenbruck.de\/wp\/wp-json\/wp\/v2\/pages\/178\/revisions"}],"predecessor-version":[{"id":1050,"href":"https:\/\/allgemeinaerzte-schwarzenbruck.de\/wp\/wp-json\/wp\/v2\/pages\/178\/revisions\/1050"}],"wp:featuredmedia":[{"embeddable":true,"href":"https:\/\/allgemeinaerzte-schwarzenbruck.de\/wp\/wp-json\/wp\/v2\/media\/1047"}],"wp:attachment":[{"href":"https:\/\/allgemeinaerzte-schwarzenbruck.de\/wp\/wp-json\/wp\/v2\/media?parent=178"}],"curies":[{"name":"wp","href":"https:\/\/api.w.org\/{rel}","templated":true}]}}